{"id":1736,"date":"2024-09-03T14:18:58","date_gmt":"2024-09-03T14:18:58","guid":{"rendered":"https:\/\/www.imaginacomunicazione.it\/tipicita-newsletter\/"},"modified":"2024-09-19T14:47:41","modified_gmt":"2024-09-19T14:47:41","slug":"tipicita-newsletter","status":"publish","type":"page","link":"https:\/\/www.imaginacomunicazione.it\/en\/tipicita-newsletter\/","title":{"rendered":"Tipicit\u00e0 Newsletter"},"content":{"rendered":"\t\t<div data-elementor-type=\"wp-page\" data-elementor-id=\"1736\" class=\"elementor elementor-1736 elementor-1487\">\n\t\t\t\t<div class=\"elementor-element elementor-element-7e7bdce e-flex e-con-boxed e-con e-parent\" data-id=\"7e7bdce\" data-element_type=\"container\" data-settings=\"{&quot;background_background&quot;:&quot;classic&quot;,&quot;shape_divider_bottom&quot;:&quot;waves&quot;}\">\n\t\t\t\t\t<div class=\"e-con-inner\">\n\t\t\t\t<div class=\"elementor-shape elementor-shape-bottom\" data-negative=\"false\">\n\t\t\t<svg xmlns=\"http:\/\/www.w3.org\/2000\/svg\" viewBox=\"0 0 1000 100\" preserveAspectRatio=\"none\">\n\t<path class=\"elementor-shape-fill\" d=\"M421.9,6.5c22.6-2.5,51.5,0.4,75.5,5.3c23.6,4.9,70.9,23.5,100.5,35.7c75.8,32.2,133.7,44.5,192.6,49.7\n\tc23.6,2.1,48.7,3.5,103.4-2.5c54.7-6,106.2-25.6,106.2-25.6V0H0v30.3c0,0,72,32.6,158.4,30.5c39.2-0.7,92.8-6.7,134-22.4\n\tc21.2-8.1,52.2-18.2,79.7-24.2C399.3,7.9,411.6,7.5,421.9,6.5z\"\/>\n<\/svg>\t\t<\/div>\n\t\t\t\t\t<\/div>\n\t\t\t\t<\/div>\n\t\t<div class=\"elementor-element elementor-element-1ab7e9b e-flex e-con-boxed e-con e-parent\" data-id=\"1ab7e9b\" data-element_type=\"container\" data-settings=\"{&quot;background_background&quot;:&quot;classic&quot;,&quot;shape_divider_bottom&quot;:&quot;waves&quot;}\">\n\t\t\t\t\t<div class=\"e-con-inner\">\n\t\t\t\t<div class=\"elementor-shape elementor-shape-bottom\" data-negative=\"false\">\n\t\t\t<svg xmlns=\"http:\/\/www.w3.org\/2000\/svg\" viewBox=\"0 0 1000 100\" preserveAspectRatio=\"none\">\n\t<path class=\"elementor-shape-fill\" d=\"M421.9,6.5c22.6-2.5,51.5,0.4,75.5,5.3c23.6,4.9,70.9,23.5,100.5,35.7c75.8,32.2,133.7,44.5,192.6,49.7\n\tc23.6,2.1,48.7,3.5,103.4-2.5c54.7-6,106.2-25.6,106.2-25.6V0H0v30.3c0,0,72,32.6,158.4,30.5c39.2-0.7,92.8-6.7,134-22.4\n\tc21.2-8.1,52.2-18.2,79.7-24.2C399.3,7.9,411.6,7.5,421.9,6.5z\"\/>\n<\/svg>\t\t<\/div>\n\t\t\t\t<div class=\"elementor-element elementor-element-4a18c2d elementor-widget elementor-widget-heading\" data-id=\"4a18c2d\" data-element_type=\"widget\" data-widget_type=\"heading.default\">\n\t\t\t\t<div class=\"elementor-widget-container\">\n\t\t\t\t\t<h2 class=\"elementor-heading-title elementor-size-default\">Stay up to date<\/h2>\t\t\t\t<\/div>\n\t\t\t\t<\/div>\n\t\t\t\t<div class=\"elementor-element elementor-element-77138ad elementor-widget elementor-widget-text-editor\" data-id=\"77138ad\" data-element_type=\"widget\" data-widget_type=\"text-editor.default\">\n\t\t\t\t<div class=\"elementor-widget-container\">\n\t\t\t\t\t\t\t\t\t<p>Sign up to Tipicit\u00e0 Newsletter to receive updates on events and news concerning Tipicit\u00e0 festival, Italian excellences and a lot of news and inititatives.<\/p>\n\t\t\t\t\t\t\t\t<\/div>\n\t\t\t\t<\/div>\n\t\t\t\t<div class=\"elementor-element elementor-element-6af79be elementor-widget elementor-widget-shortcode\" data-id=\"6af79be\" data-element_type=\"widget\" data-widget_type=\"shortcode.default\">\n\t\t\t\t<div class=\"elementor-widget-container\">\n\t\t\t\t\t\t\t<div class=\"elementor-shortcode\">[bitform id='3']<\/div>\n\t\t\t\t\t\t<\/div>\n\t\t\t\t<\/div>\n\t\t\t\t\t<\/div>\n\t\t\t\t<\/div>\n\t\t\t\t<\/div>\n\t\t","protected":false},"excerpt":{"rendered":"<p>Stay up to date Sign up to Tipicit\u00e0 Newsletter to receive updates on events and news concerning Tipicit\u00e0 festival, Italian excellences and a lot of news and inititatives. [bitform id=&#8217;3&#8242;]<\/p>\n","protected":false},"author":1,"featured_media":1708,"parent":0,"menu_order":0,"comment_status":"closed","ping_status":"closed","template":"elementor_header_footer","meta":{"footnotes":""},"class_list":["post-1736","page","type-page","status-publish","has-post-thumbnail","hentry"],"yoast_head":"<!-- This site is optimized with the Yoast SEO Premium plugin v25.1 (Yoast SEO v25.1) - https:\/\/yoast.com\/wordpress\/plugins\/seo\/ -->\n<title>Tipicit\u00e0 Newsletter - Tipicit\u00e0 festival<\/title>\n<meta name=\"robots\" content=\"noindex, follow, max-snippet:-1, max-image-preview:large, max-video-preview:-1\" \/>\n<meta property=\"og:locale\" content=\"en_US\" \/>\n<meta property=\"og:type\" content=\"article\" \/>\n<meta property=\"og:title\" content=\"Tipicit\u00e0 Newsletter\" \/>\n<meta property=\"og:description\" content=\"Stay up to date Sign up to Tipicit\u00e0 Newsletter to receive updates on events and news concerning Tipicit\u00e0 festival, Italian excellences and a lot of news and inititatives. [bitform id=&#8217;3&#8242;]\" \/>\n<meta property=\"og:url\" content=\"https:\/\/www.imaginacomunicazione.it\/en\/tipicita-newsletter\/\" \/>\n<meta property=\"og:site_name\" content=\"Tipicit\u00e0 festival\" \/>\n<meta property=\"article:modified_time\" content=\"2024-09-19T14:47:41+00:00\" \/>\n<meta property=\"og:image\" content=\"https:\/\/www.imaginacomunicazione.it\/wp-content\/uploads\/2024\/09\/IMG_3384.webp\" \/>\n\t<meta property=\"og:image:width\" content=\"1200\" \/>\n\t<meta property=\"og:image:height\" content=\"800\" \/>\n\t<meta property=\"og:image:type\" content=\"image\/webp\" \/>\n<meta name=\"twitter:card\" content=\"summary_large_image\" \/>\n<script type=\"application\/ld+json\" class=\"yoast-schema-graph\">{\"@context\":\"https:\/\/schema.org\",\"@graph\":[{\"@type\":\"WebPage\",\"@id\":\"https:\/\/www.imaginacomunicazione.it\/en\/tipicita-newsletter\/\",\"url\":\"https:\/\/www.imaginacomunicazione.it\/en\/tipicita-newsletter\/\",\"name\":\"Tipicit\u00e0 Newsletter - Tipicit\u00e0 festival\",\"isPartOf\":{\"@id\":\"https:\/\/www.imaginacomunicazione.it\/en\/#website\"},\"primaryImageOfPage\":{\"@id\":\"https:\/\/www.imaginacomunicazione.it\/en\/tipicita-newsletter\/#primaryimage\"},\"image\":{\"@id\":\"https:\/\/www.imaginacomunicazione.it\/en\/tipicita-newsletter\/#primaryimage\"},\"thumbnailUrl\":\"https:\/\/www.imaginacomunicazione.it\/wp-content\/uploads\/2024\/09\/IMG_3384.webp\",\"datePublished\":\"2024-09-03T14:18:58+00:00\",\"dateModified\":\"2024-09-19T14:47:41+00:00\",\"breadcrumb\":{\"@id\":\"https:\/\/www.imaginacomunicazione.it\/en\/tipicita-newsletter\/#breadcrumb\"},\"inLanguage\":\"en-US\",\"potentialAction\":[{\"@type\":\"ReadAction\",\"target\":[\"https:\/\/www.imaginacomunicazione.it\/en\/tipicita-newsletter\/\"]}]},{\"@type\":\"ImageObject\",\"inLanguage\":\"en-US\",\"@id\":\"https:\/\/www.imaginacomunicazione.it\/en\/tipicita-newsletter\/#primaryimage\",\"url\":\"https:\/\/www.imaginacomunicazione.it\/wp-content\/uploads\/2024\/09\/IMG_3384.webp\",\"contentUrl\":\"https:\/\/www.imaginacomunicazione.it\/wp-content\/uploads\/2024\/09\/IMG_3384.webp\",\"width\":1200,\"height\":800},{\"@type\":\"BreadcrumbList\",\"@id\":\"https:\/\/www.imaginacomunicazione.it\/en\/tipicita-newsletter\/#breadcrumb\",\"itemListElement\":[{\"@type\":\"ListItem\",\"position\":1,\"name\":\"Home\",\"item\":\"https:\/\/www.imaginacomunicazione.it\/en\/\"},{\"@type\":\"ListItem\",\"position\":2,\"name\":\"Tipicit\u00e0 Newsletter\"}]},{\"@type\":\"WebSite\",\"@id\":\"https:\/\/www.imaginacomunicazione.it\/en\/#website\",\"url\":\"https:\/\/www.imaginacomunicazione.it\/en\/\",\"name\":\"Imagina comunicazione\",\"description\":\"\",\"publisher\":{\"@id\":\"https:\/\/www.imaginacomunicazione.it\/en\/#organization\"},\"potentialAction\":[{\"@type\":\"SearchAction\",\"target\":{\"@type\":\"EntryPoint\",\"urlTemplate\":\"https:\/\/www.imaginacomunicazione.it\/en\/?s={search_term_string}\"},\"query-input\":{\"@type\":\"PropertyValueSpecification\",\"valueRequired\":true,\"valueName\":\"search_term_string\"}}],\"inLanguage\":\"en-US\"},{\"@type\":\"Organization\",\"@id\":\"https:\/\/www.imaginacomunicazione.it\/en\/#organization\",\"name\":\"Imagina di Francesca Serri & C. sas\",\"url\":\"https:\/\/www.imaginacomunicazione.it\/en\/\",\"logo\":{\"@type\":\"ImageObject\",\"inLanguage\":\"en-US\",\"@id\":\"https:\/\/www.imaginacomunicazione.it\/en\/#\/schema\/logo\/image\/\",\"url\":\"https:\/\/www.imaginacomunicazione.it\/wp-content\/uploads\/2024\/07\/Logo_ImaginaLin_B.svg\",\"contentUrl\":\"https:\/\/www.imaginacomunicazione.it\/wp-content\/uploads\/2024\/07\/Logo_ImaginaLin_B.svg\",\"width\":241,\"height\":82,\"caption\":\"Imagina di Francesca Serri & C. sas\"},\"image\":{\"@id\":\"https:\/\/www.imaginacomunicazione.it\/en\/#\/schema\/logo\/image\/\"}}]}<\/script>\n<!-- \/ Yoast SEO Premium plugin. -->","yoast_head_json":{"title":"Tipicit\u00e0 Newsletter - Tipicit\u00e0 festival","robots":{"index":"noindex","follow":"follow","max-snippet":"max-snippet:-1","max-image-preview":"max-image-preview:large","max-video-preview":"max-video-preview:-1"},"og_locale":"en_US","og_type":"article","og_title":"Tipicit\u00e0 Newsletter","og_description":"Stay up to date Sign up to Tipicit\u00e0 Newsletter to receive updates on events and news concerning Tipicit\u00e0 festival, Italian excellences and a lot of news and inititatives. [bitform id=&#8217;3&#8242;]","og_url":"https:\/\/www.imaginacomunicazione.it\/en\/tipicita-newsletter\/","og_site_name":"Tipicit\u00e0 festival","article_modified_time":"2024-09-19T14:47:41+00:00","og_image":[{"width":1200,"height":800,"url":"https:\/\/www.imaginacomunicazione.it\/wp-content\/uploads\/2024\/09\/IMG_3384.webp","type":"image\/webp"}],"twitter_card":"summary_large_image","schema":{"@context":"https:\/\/schema.org","@graph":[{"@type":"WebPage","@id":"https:\/\/www.imaginacomunicazione.it\/en\/tipicita-newsletter\/","url":"https:\/\/www.imaginacomunicazione.it\/en\/tipicita-newsletter\/","name":"Tipicit\u00e0 Newsletter - Tipicit\u00e0 festival","isPartOf":{"@id":"https:\/\/www.imaginacomunicazione.it\/en\/#website"},"primaryImageOfPage":{"@id":"https:\/\/www.imaginacomunicazione.it\/en\/tipicita-newsletter\/#primaryimage"},"image":{"@id":"https:\/\/www.imaginacomunicazione.it\/en\/tipicita-newsletter\/#primaryimage"},"thumbnailUrl":"https:\/\/www.imaginacomunicazione.it\/wp-content\/uploads\/2024\/09\/IMG_3384.webp","datePublished":"2024-09-03T14:18:58+00:00","dateModified":"2024-09-19T14:47:41+00:00","breadcrumb":{"@id":"https:\/\/www.imaginacomunicazione.it\/en\/tipicita-newsletter\/#breadcrumb"},"inLanguage":"en-US","potentialAction":[{"@type":"ReadAction","target":["https:\/\/www.imaginacomunicazione.it\/en\/tipicita-newsletter\/"]}]},{"@type":"ImageObject","inLanguage":"en-US","@id":"https:\/\/www.imaginacomunicazione.it\/en\/tipicita-newsletter\/#primaryimage","url":"https:\/\/www.imaginacomunicazione.it\/wp-content\/uploads\/2024\/09\/IMG_3384.webp","contentUrl":"https:\/\/www.imaginacomunicazione.it\/wp-content\/uploads\/2024\/09\/IMG_3384.webp","width":1200,"height":800},{"@type":"BreadcrumbList","@id":"https:\/\/www.imaginacomunicazione.it\/en\/tipicita-newsletter\/#breadcrumb","itemListElement":[{"@type":"ListItem","position":1,"name":"Home","item":"https:\/\/www.imaginacomunicazione.it\/en\/"},{"@type":"ListItem","position":2,"name":"Tipicit\u00e0 Newsletter"}]},{"@type":"WebSite","@id":"https:\/\/www.imaginacomunicazione.it\/en\/#website","url":"https:\/\/www.imaginacomunicazione.it\/en\/","name":"Imagina comunicazione","description":"","publisher":{"@id":"https:\/\/www.imaginacomunicazione.it\/en\/#organization"},"potentialAction":[{"@type":"SearchAction","target":{"@type":"EntryPoint","urlTemplate":"https:\/\/www.imaginacomunicazione.it\/en\/?s={search_term_string}"},"query-input":{"@type":"PropertyValueSpecification","valueRequired":true,"valueName":"search_term_string"}}],"inLanguage":"en-US"},{"@type":"Organization","@id":"https:\/\/www.imaginacomunicazione.it\/en\/#organization","name":"Imagina di Francesca Serri & C. sas","url":"https:\/\/www.imaginacomunicazione.it\/en\/","logo":{"@type":"ImageObject","inLanguage":"en-US","@id":"https:\/\/www.imaginacomunicazione.it\/en\/#\/schema\/logo\/image\/","url":"https:\/\/www.imaginacomunicazione.it\/wp-content\/uploads\/2024\/07\/Logo_ImaginaLin_B.svg","contentUrl":"https:\/\/www.imaginacomunicazione.it\/wp-content\/uploads\/2024\/07\/Logo_ImaginaLin_B.svg","width":241,"height":82,"caption":"Imagina di Francesca Serri & C. sas"},"image":{"@id":"https:\/\/www.imaginacomunicazione.it\/en\/#\/schema\/logo\/image\/"}}]}},"_links":{"self":[{"href":"https:\/\/www.imaginacomunicazione.it\/en\/wp-json\/wp\/v2\/pages\/1736","targetHints":{"allow":["GET"]}}],"collection":[{"href":"https:\/\/www.imaginacomunicazione.it\/en\/wp-json\/wp\/v2\/pages"}],"about":[{"href":"https:\/\/www.imaginacomunicazione.it\/en\/wp-json\/wp\/v2\/types\/page"}],"author":[{"embeddable":true,"href":"https:\/\/www.imaginacomunicazione.it\/en\/wp-json\/wp\/v2\/users\/1"}],"replies":[{"embeddable":true,"href":"https:\/\/www.imaginacomunicazione.it\/en\/wp-json\/wp\/v2\/comments?post=1736"}],"version-history":[{"count":1,"href":"https:\/\/www.imaginacomunicazione.it\/en\/wp-json\/wp\/v2\/pages\/1736\/revisions"}],"predecessor-version":[{"id":1737,"href":"https:\/\/www.imaginacomunicazione.it\/en\/wp-json\/wp\/v2\/pages\/1736\/revisions\/1737"}],"wp:featuredmedia":[{"embeddable":true,"href":"https:\/\/www.imaginacomunicazione.it\/en\/wp-json\/wp\/v2\/media\/1708"}],"wp:attachment":[{"href":"https:\/\/www.imaginacomunicazione.it\/en\/wp-json\/wp\/v2\/media?parent=1736"}],"curies":[{"name":"wp","href":"https:\/\/api.w.org\/{rel}","templated":true}]}}